{"id":7805,"date":"2019-05-10T06:27:04","date_gmt":"2019-05-10T06:27:04","guid":{"rendered":"http:\/\/ninzio.com\/bauer\/?page_id=7805"},"modified":"2023-03-01T16:32:12","modified_gmt":"2023-03-01T13:32:12","slug":"home-architecture","status":"publish","type":"page","link":"https:\/\/etnoevent.de\/","title":{"rendered":"Home Architecture"},"content":{"rendered":"<section class=\"wpb-content-wrapper\"><p>[vc_row arrow=&#8221;yes&#8221; scroll_id=&#8221;first-row&#8221; el_class=&#8221;has-scroll-arrow&#8221;][vc_column][rev_slider_vc alias=&#8221;slider-2&#8243;][\/vc_column][\/vc_row][vc_row el_id=&#8221;first-row&#8221; css=&#8221;.vc_custom_1677666557876{background-position: center !important;background-repeat: no-repeat !important;background-size: cover !important;}&#8221;][vc_column]\r\n\t<div class=\"bauer-spacer clearfix\" data-desktop=\"100\" data-mobi=\"60\" data-smobi=\"60\"><\/div>[vc_row_inner column_inner_spacing=&#8221;65&#8243;][vc_column_inner width=&#8221;1\/2&#8243;]<div class=\"bauer-images-carousel  arrow-bottom has-borders has-arrows\" data-auto=\"false\" data-loop=\"false\" data-gap=\"0\" data-column=\"1\" data-column2=\"1\" data-column3=\"1\">\r\n        <div class=\"owl-carousel owl-theme\"><div class=\"item-wrap\"><img src=\"https:\/\/etnoevent.de\/wp-content\/uploads\/2023\/03\/Screenshot_2.png\" alt=\"Image\"><\/div><div class=\"item-wrap\"><img src=\"https:\/\/etnoevent.de\/wp-content\/uploads\/2023\/03\/Screenshot_3.png\" alt=\"Image\"><\/div><div class=\"item-wrap\"><img src=\"https:\/\/etnoevent.de\/wp-content\/uploads\/2023\/03\/Screenshot_4.png\" alt=\"Image\"><\/div><\/div><\/div>[\/vc_column_inner][vc_column_inner width=&#8221;1\/2&#8243;]\r\n\t<div class=\"bauer-spacer clearfix\" data-desktop=\"45\" data-mobi=\"45\" data-smobi=\"45\"><\/div><div class=\"bauer-single-heading clearfix \" style=\"margin-bottom:25px;\"><span class=\"inner\"><span class=\"heading clearfix  accent\" style=\"font-weight:600;font-size:16px;\">\r\n\t\t31.03.2023 \/ 10.04.2023 Niederlande\r\n\t<\/span><\/span><\/div><h2 class=\"bauer-text clearfix \" style=\"font-size:42px;line-height:50px;margin-bottom:32px;\"><p><span class=\"font-weight-300\">Yak\u0131nda<\/span> <a href=\"https:\/\/festiramazan.com\" target=\"_blank\" rel=\"noopener\">Festi Ramazan<\/a> Hollanda&#8217;da <span class=\"font-weight-300\"> bulu\u015fuyoruz<\/span><\/p>\n<\/h2><div class=\"bauer-text clearfix \" style=\"font-size:18px;line-height:30px;color:#414042;margin-bottom:40px;\"><p>Avrupa&#8217;n\u0131n bir \u00e7ok noktas\u0131nda Festi Ramazan co\u015fkusu ya\u015fanacak. Bu noktalardan biriside Hollanda olacak. 31 Mart 2023&#8217;te bulu\u015fmak \u00fczere.<\/p>\n<\/div><div class=\"bauer-countdown clearfix\" data-date=\"March 31, 2023 11:30:00\"><\/div>\r\n\t<div class=\"bauer-spacer clearfix\" data-desktop=\"50\" data-mobi=\"10\" data-smobi=\"10\"><\/div>[\/vc_column_inner][\/vc_row_inner]\r\n\t<div class=\"bauer-spacer clearfix\" data-desktop=\"100\" data-mobi=\"60\" data-smobi=\"60\"><\/div>[vc_column_text]<\/p>\n<h3 style=\"text-align: center;\"><a href=\"https:\/\/festiramazan.com\/stand-kirala\/\"><b>STANT K\u0130RALAMAK \u0130\u00c7\u0130N TIKLAYIN<\/b><\/a><\/h3>\n<p style=\"text-align: center;\">Fuar Malzemeleri, Reklam Tasar\u0131m, Kurulum Hizmetleri ve di\u011fer t\u00fcm sorular\u0131n\u0131z i\u00e7in<strong>+49 172 76 32 771<\/strong> arayabilirsiniz. (Whatsapptan ekleyebilirsiniz.)<\/p>\n<p style=\"text-align: center;\"><em><strong>ETNO EVENT Kurumsal web sitesi yap\u0131m s\u00fcreci devam etmektedir.<\/strong><\/em><\/p>\n<p>[\/vc_column_text]\r\n\t<div class=\"bauer-spacer clearfix\" data-desktop=\"100\" data-mobi=\"60\" data-smobi=\"60\"><\/div>[\/vc_column][\/vc_row]<\/p>\n<\/section>","protected":false},"excerpt":{"rendered":"<p>[vc_row arrow=&#8221;yes&#8221; scroll_id=&#8221;first-row&#8221; el_class=&#8221;has-scroll-arrow&#8221;][vc_column][rev_slider_vc alias=&#8221;slider-2&#8243;][\/vc_column][\/vc_row][vc_row el_id=&#8221;first-row&#8221; css=&#8221;.vc_custom_1677666557876{background-position: center !important;background-repeat: no-repeat !important;background-size: cover !important;}&#8221;][vc_column][vc_row_inner column_inner_spacing=&#8221;65&#8243;][vc_column_inner width=&#8221;1\/2&#8243;][\/vc_column_inner][vc_column_inner width=&#8221;1\/2&#8243;][\/vc_column_inner][\/vc_row_inner][vc_column_text] STANT K\u0130RALAMAK \u0130\u00c7\u0130N TIKLAYIN Fuar Malzemeleri, Reklam Tasar\u0131m, Kurulum Hizmetleri ve di\u011fer t\u00fcm sorular\u0131n\u0131z i\u00e7in+49 172 76 32 771 arayabilirsiniz. (Whatsapptan ekleyebilirsiniz.) ETNO EVENT Kurumsal web sitesi yap\u0131m s\u00fcreci devam etmektedir. [\/vc_column_text][\/vc_column][\/vc_row]<\/p>\n","protected":false},"author":1,"featured_media":0,"parent":0,"menu_order":0,"comment_status":"closed","ping_status":"closed","template":"","meta":[],"_links":{"self":[{"href":"https:\/\/etnoevent.de\/index.php?rest_route=\/wp\/v2\/pages\/7805"}],"collection":[{"href":"https:\/\/etnoevent.de\/index.php?rest_route=\/wp\/v2\/pages"}],"about":[{"href":"https:\/\/etnoevent.de\/index.php?rest_route=\/wp\/v2\/types\/page"}],"author":[{"embeddable":true,"href":"https:\/\/etnoevent.de\/index.php?rest_route=\/wp\/v2\/users\/1"}],"replies":[{"embeddable":true,"href":"https:\/\/etnoevent.de\/index.php?rest_route=%2Fwp%2Fv2%2Fcomments&post=7805"}],"version-history":[{"count":4,"href":"https:\/\/etnoevent.de\/index.php?rest_route=\/wp\/v2\/pages\/7805\/revisions"}],"predecessor-version":[{"id":9298,"href":"https:\/\/etnoevent.de\/index.php?rest_route=\/wp\/v2\/pages\/7805\/revisions\/9298"}],"wp:attachment":[{"href":"https:\/\/etnoevent.de\/index.php?rest_route=%2Fwp%2Fv2%2Fmedia&parent=7805"}],"curies":[{"name":"wp","href":"https:\/\/api.w.org\/{rel}","templated":true}]}}